{"id":1851,"date":"2021-05-28T14:33:01","date_gmt":"2021-05-28T11:33:01","guid":{"rendered":"https:\/\/abi-solar.com\/gwarancja\/"},"modified":"2021-05-30T20:52:21","modified_gmt":"2021-05-30T17:52:21","slug":"gwarancja","status":"publish","type":"page","link":"https:\/\/abi-solar.com\/pl\/gwarancja\/","title":{"rendered":"Gwarancja"},"content":{"rendered":"<p>[vc_row][vc_column icons_position=&#8221;left&#8221;][vc_column_text]ABi-SOLAR Inc. gwarantuje, \u017ce jego modu\u0142y fotowoltaiczne fotowoltaiczne, w tym montowane fabrycznie z\u0142\u0105cza i kable DC, je\u015bli wyst\u0119puj\u0105, s\u0105 wolne od wad materia\u0142owych i wykonawczych w normalnych warunkach u\u017cytkowania, instalacji, u\u017cytkowania i konserwacji. Je\u015bli MODU\u0141Y nie s\u0105 zgodne z niniejsz\u0105 gwarancj\u0105, w okresie ko\u0144cz\u0105cym si\u0119 sto czterdzie\u015bci cztery (144) miesi\u0105ce od daty sprzeda\u017cy nabywcy produktu ABI-SOLAR (KLIENT), ABI-SOLAR, wed\u0142ug w\u0142asnego uznania, albo naprawi\u0107 lub wymieni\u0107 produkt lub zwr\u00f3ci\u0107 cen\u0119 zakupu zap\u0142acon\u0105 przez kupuj\u0105cego (DATA SPRZEDA\u017bY). Naprawa, wymiana lub zwrot pieni\u0119dzy musz\u0105 by\u0107 jedynym i wy\u0142\u0105cznym \u015brodkiem zaradczym w ramach Ograniczonej Gwarancji Produktu i nie mog\u0105 wykracza\u0107 poza sto czterdzie\u015bci cztery (144) nadruki, kt\u00f3re s\u0105 obj\u0119te wy\u0142\u0105cznie klauzul\u0105 \u200b\u200b2 poni\u017cej (\u201eOgraniczona gwarancja\u201d). Gwarancja Szczytowej Mocy &#8222;).<\/p>\n<p>&#013;<\/p>\n<p style=\"margin: 15px auto 75px\"><a href=\"https:\/\/abi-solar.com\/wp-content\/uploads\/2021\/05\/ABi-Solar_Warranty_web.pdf\" target=\"_blank\" rel=\"noreferrer noopener\">PDF prze\u015blij dokument<\/a><\/p>\n<p>&#013;<\/p>\n<p>[\/vc_column_text][\/vc_column][\/vc_row][vc_row][vc_column icons_position=&#8221;left&#8221;]<div id=\"sc_title_1420469497\"\n\t\tclass=\"sc_title color_style_default sc_title_default\"><h3 class=\"sc_item_title sc_title_title sc_align_left sc_item_title_style_default\">Certyfikat gwarancji<\/h3><div class=\"sc_item_descr sc_title_descr sc_align_left sc_item_title_style_default\"><p>Aby uzyska\u0107 dokumentow\u0105 kart\u0119 gwarancyjn\u0105 dla swojej stacji, wype\u0142nij ten formularz:<\/p>\n<\/div><\/div><!-- \/.sc_title -->[\/vc_column][\/vc_row][vc_row][vc_column icons_position=&#8221;left&#8221;][vc_empty_space alter_height=&#8221;small&#8221; hide_on_desktop=&#8221;&#8221; hide_on_notebook=&#8221;&#8221; hide_on_tablet=&#8221;&#8221; hide_on_mobile=&#8221;&#8221;][\/vc_column][\/vc_row][vc_row][vc_column icons_position=&#8221;left&#8221;]<div role=\"form\" class=\"wpcf7\" id=\"wpcf7-f2018-o1\" lang=\"pl-PL\" dir=\"ltr\">\n<div class=\"screen-reader-response\"><p role=\"status\" aria-live=\"polite\" aria-atomic=\"true\"><\/p> <ul><\/ul><\/div>\n<form action=\"\/pl\/wp-json\/wp\/v2\/pages\/1851#wpcf7-f2018-o1\" method=\"post\" class=\"wpcf7-form init\" novalidate=\"novalidate\" data-status=\"init\">\n<div style=\"display: none;\">\n<input type=\"hidden\" name=\"_wpcf7\" value=\"2018\" \/>\n<input type=\"hidden\" name=\"_wpcf7_version\" value=\"5.6.4\" \/>\n<input type=\"hidden\" name=\"_wpcf7_locale\" value=\"pl_PL\" \/>\n<input type=\"hidden\" name=\"_wpcf7_unit_tag\" value=\"wpcf7-f2018-o1\" \/>\n<input type=\"hidden\" name=\"_wpcf7_container_post\" value=\"0\" \/>\n<input type=\"hidden\" name=\"_wpcf7_posted_data_hash\" value=\"\" \/>\n<\/div>\n<p><label>Twoje imi\u0119<br \/>\n    <span class=\"wpcf7-form-control-wrap\" data-name=\"your-name\"><input type=\"text\" name=\"your-name\" value=\"\" size=\"40\" class=\"wpcf7-form-control wpcf7-text wpcf7-validates-as-required\" aria-required=\"true\" aria-invalid=\"false\" \/><\/span> <\/label><\/p>\n<p><label>Tw\u00f3j telefon<br \/>\n    <span class=\"wpcf7-form-control-wrap\" data-name=\"your-phone\"><input type=\"text\" name=\"your-phone\" value=\"\" size=\"40\" class=\"wpcf7-form-control wpcf7-text wpcf7-validates-as-required\" aria-required=\"true\" aria-invalid=\"false\" \/><\/span> <\/label><\/p>\n<p><label>Tw\u00f3j email<br \/>\n    <span class=\"wpcf7-form-control-wrap\" data-name=\"your-email\"><input type=\"email\" name=\"your-email\" value=\"\" size=\"40\" class=\"wpcf7-form-control wpcf7-text wpcf7-email wpcf7-validates-as-required wpcf7-validates-as-email\" aria-required=\"true\" aria-invalid=\"false\" \/><\/span> <\/label><\/p>\n<p><label>Lokalizacja stacji<br \/>\n    <span class=\"wpcf7-form-control-wrap\" data-name=\"station-location\"><input type=\"text\" name=\"station-location\" value=\"\" size=\"40\" class=\"wpcf7-form-control wpcf7-text wpcf7-validates-as-required\" aria-required=\"true\" aria-invalid=\"false\" \/><\/span> <\/label><\/p>\n<p><label>Data instalacji<br \/>\n<span class=\"wpcf7-form-control-wrap\" data-name=\"date-267\"><input type=\"date\" name=\"date-267\" value=\"\" class=\"wpcf7-form-control wpcf7-date wpcf7-validates-as-required wpcf7-validates-as-date\" aria-required=\"true\" aria-invalid=\"false\" \/><\/span> <\/label><\/p>\n<p><label>Lokalizacja modu\u0142u<\/label><br \/>\n<span class=\"wpcf7-form-control-wrap\" data-name=\"checkbox-342\"><span class=\"wpcf7-form-control wpcf7-checkbox wpcf7-validates-as-required\"><span class=\"wpcf7-list-item first\"><label><input type=\"checkbox\" name=\"checkbox-342[]\" value=\"roof\" \/><span class=\"wpcf7-list-item-label\">roof<\/span><\/label><\/span><span class=\"wpcf7-list-item last\"><label><input type=\"checkbox\" name=\"checkbox-342[]\" value=\"land\" \/><span class=\"wpcf7-list-item-label\">land<\/span><\/label><\/span><\/span><\/span><\/p>\n<p><label>Typ i moc modu\u0142u<br \/>\n    <span class=\"wpcf7-form-control-wrap\" data-name=\"your-subject\"><input type=\"text\" name=\"your-subject\" value=\"\" size=\"40\" class=\"wpcf7-form-control wpcf7-text wpcf7-validates-as-required\" aria-required=\"true\" aria-invalid=\"false\" \/><\/span> <\/label><\/p>\n<p><label> Organizacja, kt\u00f3ra zainstalowa\u0142a Twoj\u0105 stacj\u0119<br \/>\n    <span class=\"wpcf7-form-control-wrap\" data-name=\"your-message\"><textarea name=\"your-message\" cols=\"40\" rows=\"10\" class=\"wpcf7-form-control wpcf7-textarea wpcf7-validates-as-required\" aria-required=\"true\" aria-invalid=\"false\"><\/textarea><\/span> <\/label><\/p>\n<p><input type=\"submit\" value=\"Submit\" class=\"wpcf7-form-control has-spinner wpcf7-submit\" \/><\/p>\n<div class=\"wpcf7-response-output\" aria-hidden=\"true\"><\/div><\/form><\/div>[\/vc_column][\/vc_row]<\/p>\n","protected":false},"excerpt":{"rendered":"<p>[vc_row][vc_column icons_position=&#8221;left&#8221;][vc_column_text]ABi-SOLAR Inc. gwarantuje, \u017ce jego modu\u0142y fotowoltaiczne fotowoltaiczne, w tym montowane fabrycznie z\u0142\u0105cza i kable DC, je\u015bli wyst\u0119puj\u0105, s\u0105 wolne od wad materia\u0142owych i wykonawczych w normalnych warunkach u\u017cytkowania,&hellip;<\/p>\n","protected":false},"author":990002,"featured_media":0,"parent":0,"menu_order":0,"comment_status":"closed","ping_status":"closed","template":"","meta":{"_themeisle_gutenberg_block_has_review":false},"_links":{"self":[{"href":"https:\/\/abi-solar.com\/pl\/wp-json\/wp\/v2\/pages\/1851"}],"collection":[{"href":"https:\/\/abi-solar.com\/pl\/wp-json\/wp\/v2\/pages"}],"about":[{"href":"https:\/\/abi-solar.com\/pl\/wp-json\/wp\/v2\/types\/page"}],"author":[{"embeddable":true,"href":"https:\/\/abi-solar.com\/pl\/wp-json\/wp\/v2\/users\/990002"}],"replies":[{"embeddable":true,"href":"https:\/\/abi-solar.com\/pl\/wp-json\/wp\/v2\/comments?post=1851"}],"version-history":[{"count":0,"href":"https:\/\/abi-solar.com\/pl\/wp-json\/wp\/v2\/pages\/1851\/revisions"}],"wp:attachment":[{"href":"https:\/\/abi-solar.com\/pl\/wp-json\/wp\/v2\/media?parent=1851"}],"curies":[{"name":"wp","href":"https:\/\/api.w.org\/{rel}","templated":true}]}}