{"id":1834,"date":"2021-05-28T14:11:13","date_gmt":"2021-05-28T11:11:13","guid":{"rendered":"https:\/\/abi-solar.com\/lacznosc\/"},"modified":"2023-07-12T09:52:12","modified_gmt":"2023-07-12T06:52:12","slug":"lacznosc","status":"publish","type":"page","link":"https:\/\/abi-solar.com\/pl\/lacznosc\/","title":{"rendered":"\u0141\u0105czno\u015b\u0107"},"content":{"rendered":"<p>[vc_row content_placement=&#8221;middle&#8221; hide_bg_image_on_tablet=&#8221;&#8221; hide_bg_image_on_mobile=&#8221;&#8221; css=&#8221;.vc_custom_1621578772930{margin-bottom: 40px !important;}&#8221;][vc_column width=&#8221;1\/2&#8243; icons_position=&#8221;left&#8221;][vc_custom_heading text=&#8221;Przedstawicielstwo w WNP:&#8221; font_container=&#8221;tag:h2|font_size:24px|text_align:left|line_height:1&#8243; google_fonts=&#8221;font_family:Source%20Sans%20Pro%3A200%2C200italic%2C300%2C300italic%2Cregular%2Citalic%2C600%2C600italic%2C700%2C700italic%2C900%2C900italic|font_style:400%20regular%3A400%3Anormal&#8221;][vc_column_text]Office in Ukraine<br \/>\nE-mail: <a href=\"mailto:info@abi-solar.com\">info@abi-solar.com<\/a>[\/vc_column_text][\/vc_column][\/vc_row][vc_row hide_bg_image_on_tablet=&#8221;&#8221; hide_bg_image_on_mobile=&#8221;&#8221; css=&#8221;.vc_custom_1621255287774{margin-bottom: 40px !important;}&#8221;][vc_column width=&#8221;1\/2&#8243; hide_bg_image_on_tablet=&#8221;&#8221; hide_bg_image_on_mobile=&#8221;&#8221; icons_position=&#8221;left&#8221;][vc_custom_heading text=&#8221;Przedstawicielstwo w Europie Wschodniej:&#8221; font_container=&#8221;tag:h2|font_size:24px|text_align:left|line_height:1&#8243; google_fonts=&#8221;font_family:Source%20Sans%20Pro%3A200%2C200italic%2C300%2C300italic%2Cregular%2Citalic%2C600%2C600italic%2C700%2C700italic%2C900%2C900italic|font_style:400%20regular%3A400%3Anormal&#8221;][vc_column_text]E-mail: <a href=\"mailto:info@abi-solar.com\">info@abi-solar.com<\/a>[\/vc_column_text][\/vc_column][\/vc_row][vc_row content_placement=&#8221;middle&#8221; hide_bg_image_on_tablet=&#8221;&#8221; hide_bg_image_on_mobile=&#8221;&#8221; css=&#8221;.vc_custom_1621578718912{margin-bottom: 40px !important;}&#8221;][vc_column width=&#8221;1\/2&#8243; icons_position=&#8221;left&#8221;][vc_gmaps link=&#8221;#E-8_JTNDaWZyYW1lJTIwc3JjJTNEJTIyaHR0cHMlM0ElMkYlMkZ3d3cuZ29vZ2xlLmNvbSUyRm1hcHMlMkZlbWJlZCUzRnBiJTNEJTIxMW0xOCUyMTFtMTIlMjExbTMlMjExZDI4MTguODMzNDE4MDYxMzEzOCUyMTJkMjEuMDEzNjk0MjE2MDk1NTglMjEzZDQ1LjA0ODYwMjE3OTA5ODIlMjEybTMlMjExZjAlMjEyZjAlMjEzZjAlMjEzbTIlMjExaTEwMjQlMjEyaTc2OCUyMTRmMTMuMSUyMTNtMyUyMTFtMiUyMTFzMHg0NzUwNzBlMjE1MzcyMTEzJTI1M0EweDQzOTRiZTgxMjJmMGMwNzMlMjEyelMyNWxlbUVnVFdsc2I4V2hZU3dnMEpIUXNOQzkwTERSZ3RHQjBMclF1Q0RRbXRDdzBZRFF1OUMtMExMUXNOR0dMQ0RRb2RDMTBZRFFzZEM0MFk4JTIxNWUwJTIxM20yJTIxMXNydSUyMTJzdWElMjE0djE2MjEyNTUxODI4NTElMjE1bTIlMjExc3J1JTIxMnN1YSUyMiUyMHdpZHRoJTNEJTIyNjAwJTIyJTIwaGVpZ2h0JTNEJTIyNDUwJTIyJTIwc3R5bGUlM0QlMjJib3JkZXIlM0EwJTNCJTIyJTIwYWxsb3dmdWxsc2NyZWVuJTNEJTIyJTIyJTIwbG9hZGluZyUzRCUyMmxhenklMjIlM0UlM0MlMkZpZnJhbWUlM0U=&#8221;][\/vc_column][vc_column width=&#8221;1\/2&#8243; icons_position=&#8221;left&#8221;][vc_custom_heading text=&#8221;Przedstawiciel regionalny na Serbi\u0119 i Ba\u0142kany:&#8221; font_container=&#8221;tag:h2|font_size:24px|text_align:left|line_height:1&#8243; google_fonts=&#8221;font_family:Source%20Sans%20Pro%3A200%2C200italic%2C300%2C300italic%2Cregular%2Citalic%2C600%2C600italic%2C700%2C700italic%2C900%2C900italic|font_style:400%20regular%3A400%3Anormal&#8221;][vc_column_text]ABi Solar Balkan d.o.o.<br \/>\nAdres: Knjaza Milo\u0161a 34, 26320 Banatski Karlovac<br \/>\nTelefon: +381 66 8101080<br \/>\nE-mail: <a href=\"mailto:sales@parenasunce.com\">sales@parenasunce.com<\/a>[\/vc_column_text][\/vc_column][\/vc_row]<\/p>\n","protected":false},"excerpt":{"rendered":"<p>[vc_row content_placement=&#8221;middle&#8221; hide_bg_image_on_tablet=&#8221;&#8221; hide_bg_image_on_mobile=&#8221;&#8221; css=&#8221;.vc_custom_1621578772930{margin-bottom: 40px !important;}&#8221;][vc_column width=&#8221;1\/2&#8243; icons_position=&#8221;left&#8221;][vc_custom_heading text=&#8221;Przedstawicielstwo w WNP:&#8221; font_container=&#8221;tag:h2|font_size:24px|text_align:left|line_height:1&#8243; google_fonts=&#8221;font_family:Source%20Sans%20Pro%3A200%2C200italic%2C300%2C300italic%2Cregular%2Citalic%2C600%2C600italic%2C700%2C700italic%2C900%2C900italic|font_style:400%20regular%3A400%3Anormal&#8221;][vc_column_text]Office in Ukraine E-mail: info@abi-solar.com[\/vc_column_text][\/vc_column][\/vc_row][vc_row hide_bg_image_on_tablet=&#8221;&#8221; hide_bg_image_on_mobile=&#8221;&#8221; css=&#8221;.vc_custom_1621255287774{margin-bottom: 40px !important;}&#8221;][vc_column width=&#8221;1\/2&#8243; hide_bg_image_on_tablet=&#8221;&#8221; hide_bg_image_on_mobile=&#8221;&#8221; icons_position=&#8221;left&#8221;][vc_custom_heading text=&#8221;Przedstawicielstwo w Europie&hellip;<\/p>\n","protected":false},"author":990002,"featured_media":0,"parent":0,"menu_order":0,"comment_status":"closed","ping_status":"closed","template":"","meta":{"_themeisle_gutenberg_block_has_review":false},"_links":{"self":[{"href":"https:\/\/abi-solar.com\/pl\/wp-json\/wp\/v2\/pages\/1834"}],"collection":[{"href":"https:\/\/abi-solar.com\/pl\/wp-json\/wp\/v2\/pages"}],"about":[{"href":"https:\/\/abi-solar.com\/pl\/wp-json\/wp\/v2\/types\/page"}],"author":[{"embeddable":true,"href":"https:\/\/abi-solar.com\/pl\/wp-json\/wp\/v2\/users\/990002"}],"replies":[{"embeddable":true,"href":"https:\/\/abi-solar.com\/pl\/wp-json\/wp\/v2\/comments?post=1834"}],"version-history":[{"count":0,"href":"https:\/\/abi-solar.com\/pl\/wp-json\/wp\/v2\/pages\/1834\/revisions"}],"wp:attachment":[{"href":"https:\/\/abi-solar.com\/pl\/wp-json\/wp\/v2\/media?parent=1834"}],"curies":[{"name":"wp","href":"https:\/\/api.w.org\/{rel}","templated":true}]}}