{"id":1781,"date":"2021-05-28T11:03:56","date_gmt":"2021-05-28T08:03:56","guid":{"rendered":"https:\/\/abi-solar.com\/o-firmie\/"},"modified":"2021-06-26T12:39:38","modified_gmt":"2021-06-26T09:39:38","slug":"o-firmie","status":"publish","type":"page","link":"https:\/\/abi-solar.com\/pl\/o-firmie\/","title":{"rendered":"O firmie"},"content":{"rendered":"<p>[vc_row hide_bg_image_on_tablet=&#8221;&#8221; hide_bg_image_on_mobile=&#8221;&#8221; css=&#8221;.vc_custom_1621278606023{margin-bottom: 40px !important;}&#8221;][vc_column width=&#8221;1\/2&#8243; hide_bg_image_on_tablet=&#8221;&#8221; hide_bg_image_on_mobile=&#8221;&#8221; icons_position=&#8221;left&#8221; css=&#8221;.vc_custom_1621252669901{margin-top: 0px !important;border-top-width: 0px !important;padding-top: 0px !important;}&#8221;][vc_column_text]ABi-Solar \u2013 mi\u0119dzynarodowy producent komponent\u00f3w do system\u00f3w fotowoltaicznych.. G\u0142\u00f3wne produkty: panele fotowoltaiczne, falowniki, regulatory \u0142adowania, ochrona inwerter\u00f3w elektrycznych.<\/p>\n<p>G\u0142\u00f3wne rynki sprzeda\u017cy od 2017 r .: Europa Wschodnia. Najwi\u0119kszy rozw\u00f3j i zauwa\u017calny udzia\u0142 w rynku firma uzyska\u0142a na jednym z najbardziej dynamicznych rynk\u00f3w europejskich &#8211; ukrai\u0144skim. Od 2017 roku ABi-Solar zacz\u0119\u0142a produkowa\u0107 fotomodu\u0142y tylko w przedsi\u0119biorstwach znajduj\u0105cych si\u0119 na li\u015bcie <strong>Tier 1 Bloomberg New Energy Finance<\/strong>, zachowuj\u0105c przy tym nisk\u0105 cen\u0119 produkt\u00f3w.<\/p>\n<p>Wed\u0142ug bada\u0144 rynkowych ABi-Solar na Ukrainie zajmuje jedno z czo\u0142owych miejsc pod wzgl\u0119dem poziomu zaufania w\u015br\u00f3d instalator\u00f3w. Ukrai\u0144scy instalatorzy system\u00f3w fotowoltaicznych r\u00f3wnie\u017c uznaj\u0105 ABi-Solar za lidera rynku pod wzgl\u0119dem stosunku jako\u015bci do ceny.<\/p>\n<p>Do\u015bwiadczenie zdobyte w Europie Wschodniej pozwala nam liczy\u0107 na sukces na rynkach innych kraj\u00f3w UE.[\/vc_column_text][\/vc_column][vc_column width=&#8221;1\/2&#8243; hide_bg_image_on_tablet=&#8221;&#8221; hide_bg_image_on_mobile=&#8221;&#8221; icons_position=&#8221;left&#8221; css=&#8221;.vc_custom_1624700344613{margin-top: 100px !important;margin-right: 20px !important;margin-bottom: 100px !important;margin-left: 20px !important;}&#8221;][vc_single_image image=&#8221;1630&#8243; img_size=&#8221;244&#215;300&#8243;][\/vc_column][\/vc_row][vc_row full_width=&#8221;stretch_row&#8221;][vc_column icons_position=&#8221;left&#8221;]<div  id=\"sc_layouts_2094101966\"\t\tclass=\"sc_layouts sc_layouts_default sc_layouts_1915\">[vc_row full_width=\"stretch_row\" scheme=\"dark\" extra_bg_mask=\"5\" hide_bg_image_on_tablet=\"\" hide_bg_image_on_mobile=\"\" css=\".vc_custom_1517490836033{background: #161616 url(http:\/\/soleng.axiomthemes.com\/wp-content\/uploads\/2017\/11\/bg1-copyright.jpg?id=712) !important;background-position: center !important;background-repeat: no-repeat !important;background-size: cover !important;}\"][vc_column icons_position=\"left\"][vc_empty_space height=\"2.2rem\" alter_height=\"none\" hide_on_desktop=\"\" hide_on_notebook=\"\" hide_on_tablet=\"\" hide_on_mobile=\"\"][vc_row_inner][vc_column_inner icons_position=\"left\" offset=\"vc_hidden-sm vc_hidden-xs\"][vc_empty_space height=\"3rem\" alter_height=\"none\" hide_on_desktop=\"\" hide_on_notebook=\"\" hide_on_tablet=\"\" hide_on_mobile=\"\"][vc_empty_space height=\"3rem\" alter_height=\"none\" hide_on_desktop=\"\" hide_on_notebook=\"\" hide_on_tablet=\"\" hide_on_mobile=\"\"][\/vc_column_inner][\/vc_row_inner][vc_empty_space height=\"4rem\" alter_height=\"none\" hide_on_desktop=\"\" hide_on_notebook=\"\" hide_on_tablet=\"\" hide_on_mobile=\"\"]<div id=\"sc_title_2120631414\"\n\t\tclass=\"sc_title color_style_dark sc_title_default\"><h2 class=\"sc_item_title sc_title_title sc_align_center sc_item_title_style_default sc_item_title_tag\">Proces produkcji polikrystalicznych modu\u0142\u00f3w fotowoltaicznych<\/h2><\/div><!-- \/.sc_title -->[vc_empty_space height=\"2.65rem\" alter_height=\"none\" hide_on_desktop=\"\" hide_on_notebook=\"\" hide_on_tablet=\"\" hide_on_mobile=\"\"]<div class=\"sc_item_button sc_button_wrap sc_align_center\"><a href=\"#videoblock\" id=\"sc_button_1797596330\" class=\"sc_button color_style_dark sc_button_iconed sc_button_size_normal sc_button_with_icon sc_button_icon_left\"><span class=\"sc_button_icon\"><span class=\"icon-play-1\"><\/span><\/span><\/a><!-- \/.sc_button --><\/div><!-- \/.sc_item_button -->[vc_row_inner][vc_column_inner hide_bg_image_on_tablet=\"\" hide_bg_image_on_mobile=\"\" icons_position=\"left\" offset=\"vc_hidden-sm vc_hidden-xs\"][vc_empty_space height=\"0.85rem\" alter_height=\"none\" hide_on_desktop=\"\" hide_on_notebook=\"\" hide_on_tablet=\"\" hide_on_mobile=\"\"][vc_empty_space height=\"4rem\" alter_height=\"none\" hide_on_desktop=\"\" hide_on_notebook=\"\" hide_on_tablet=\"\" hide_on_mobile=\"\"][\/vc_column_inner][\/vc_row_inner][vc_empty_space height=\"3rem\" alter_height=\"none\" hide_on_desktop=\"\" hide_on_notebook=\"\" hide_on_tablet=\"\" hide_on_mobile=\"\"][vc_empty_space height=\"3rem\" alter_height=\"none\" hide_on_desktop=\"\" hide_on_notebook=\"\" hide_on_tablet=\"\" hide_on_mobile=\"\"][\/vc_column][\/vc_row]<\/div>[\/vc_column][\/vc_row][vc_row][vc_column icons_position=&#8221;left&#8221;][vc_custom_heading text=&#8221;Certyfikaty i dokumenty&#8221; font_container=&#8221;tag:h2|text_align:center|line_height:1&#8243; google_fonts=&#8221;font_family:Source%20Sans%20Pro%3A200%2C200italic%2C300%2C300italic%2Cregular%2Citalic%2C600%2C600italic%2C700%2C700italic%2C900%2C900italic|font_style:600%20bold%20regular%3A600%3Anormal&#8221;][\/vc_column][\/vc_row][vc_row row_padding_table=&#8221;&#8221; hide_bg_image_on_tablet=&#8221;&#8221; hide_bg_image_on_mobile=&#8221;&#8221; row_type=&#8221;normal&#8221; row_delimiter=&#8221;&#8221; hide_on_desktop=&#8221;&#8221; hide_on_notebook=&#8221;&#8221; hide_on_tablet=&#8221;&#8221; hide_on_mobile=&#8221;&#8221; hide_on_frontpage=&#8221;&#8221;][vc_column hide_bg_image_on_tablet=&#8221;&#8221; hide_bg_image_on_mobile=&#8221;&#8221; icons_position=&#8221;left&#8221;][vc_images_carousel images=&#8221;1633,1636,1639&#8243; img_size=&#8221;medium&#8221; slides_per_view=&#8221;2&#8243; autoplay=&#8221;yes&#8221; hide_prev_next_buttons=&#8221;yes&#8221; wrap=&#8221;yes&#8221;][\/vc_column][\/vc_row]<\/p>\n","protected":false},"excerpt":{"rendered":"<p>[vc_row hide_bg_image_on_tablet=&#8221;&#8221; hide_bg_image_on_mobile=&#8221;&#8221; css=&#8221;.vc_custom_1621278606023{margin-bottom: 40px !important;}&#8221;][vc_column width=&#8221;1\/2&#8243; hide_bg_image_on_tablet=&#8221;&#8221; hide_bg_image_on_mobile=&#8221;&#8221; icons_position=&#8221;left&#8221; css=&#8221;.vc_custom_1621252669901{margin-top: 0px !important;border-top-width: 0px !important;padding-top: 0px !important;}&#8221;][vc_column_text]ABi-Solar \u2013 mi\u0119dzynarodowy producent komponent\u00f3w do system\u00f3w fotowoltaicznych.. G\u0142\u00f3wne produkty: panele fotowoltaiczne, falowniki, regulatory&hellip;<\/p>\n","protected":false},"author":990002,"featured_media":0,"parent":0,"menu_order":0,"comment_status":"closed","ping_status":"closed","template":"","meta":{"_themeisle_gutenberg_block_has_review":false},"_links":{"self":[{"href":"https:\/\/abi-solar.com\/pl\/wp-json\/wp\/v2\/pages\/1781"}],"collection":[{"href":"https:\/\/abi-solar.com\/pl\/wp-json\/wp\/v2\/pages"}],"about":[{"href":"https:\/\/abi-solar.com\/pl\/wp-json\/wp\/v2\/types\/page"}],"author":[{"embeddable":true,"href":"https:\/\/abi-solar.com\/pl\/wp-json\/wp\/v2\/users\/990002"}],"replies":[{"embeddable":true,"href":"https:\/\/abi-solar.com\/pl\/wp-json\/wp\/v2\/comments?post=1781"}],"version-history":[{"count":0,"href":"https:\/\/abi-solar.com\/pl\/wp-json\/wp\/v2\/pages\/1781\/revisions"}],"wp:attachment":[{"href":"https:\/\/abi-solar.com\/pl\/wp-json\/wp\/v2\/media?parent=1781"}],"curies":[{"name":"wp","href":"https:\/\/api.w.org\/{rel}","templated":true}]}}